{"id":437,"date":"2024-02-14T13:10:48","date_gmt":"2024-02-14T12:10:48","guid":{"rendered":"https:\/\/epeetkft.hu\/wp\/?page_id=437"},"modified":"2024-02-14T14:44:55","modified_gmt":"2024-02-14T13:44:55","slug":"impresszum","status":"publish","type":"page","link":"https:\/\/epeetkft.hu\/?page_id=437","title":{"rendered":"Impresszum"},"content":{"rendered":"\n<p><strong>Az oldal \u00fczemeltet\u0151je:<\/strong>\u00a0\u00c9PEET Korl\u00e1tolt Felel\u0151ss\u00e9g\u0171 T\u00e1rsas\u00e1g<br><strong>Sz\u00e9khely:<\/strong>\u00a02234 Magl\u00f3d, Luther M. utca 17\/a<br><strong>Telefon:<\/strong>\u00a0+36 70\/620-02-08<br><strong>E-mail:<\/strong>\u00a0info@epeetkft.hu<br><strong>Honlap:<\/strong>\u00a0https:\/\/epeetkft.hu\/<br><strong>Ad\u00f3sz\u00e1m:<\/strong>\u00a032273748-2-13<br><strong>C\u00e9gjegyz\u00e9ksz\u00e1m:<\/strong>\u00a013-09-227055<br><strong>T\u00e1rhely szolg\u00e1ltat\u00f3:<\/strong> Rackhost Zrt. <\/p>\n","protected":false},"excerpt":{"rendered":"<p>Az oldal \u00fczemeltet\u0151je:\u00a0\u00c9PEET Korl\u00e1tolt Felel\u0151ss\u00e9g\u0171 T\u00e1rsas\u00e1gSz\u00e9khely:\u00a02234 Magl\u00f3d, Luther M. utca 17\/aTelefon:\u00a0+36 70\/620-02-08E-mail:\u00a0info@epeetkft.huHonlap:\u00a0https:\/\/epeetkft.hu\/Ad\u00f3sz\u00e1m:\u00a032273748-2-13C\u00e9gjegyz\u00e9ksz\u00e1m:\u00a013-09-227055T\u00e1rhely szolg\u00e1ltat\u00f3: Rackhost Zrt.<\/p>\n","protected":false},"author":1,"featured_media":0,"parent":0,"menu_order":0,"comment_status":"closed","ping_status":"closed","template":"","meta":{"footnotes":""},"class_list":["post-437","page","type-page","status-publish","hentry"],"_links":{"self":[{"href":"https:\/\/epeetkft.hu\/index.php?rest_route=\/wp\/v2\/pages\/437","targetHints":{"allow":["GET"]}}],"collection":[{"href":"https:\/\/epeetkft.hu\/index.php?rest_route=\/wp\/v2\/pages"}],"about":[{"href":"https:\/\/epeetkft.hu\/index.php?rest_route=\/wp\/v2\/types\/page"}],"author":[{"embeddable":true,"href":"https:\/\/epeetkft.hu\/index.php?rest_route=\/wp\/v2\/users\/1"}],"replies":[{"embeddable":true,"href":"https:\/\/epeetkft.hu\/index.php?rest_route=%2Fwp%2Fv2%2Fcomments&post=437"}],"version-history":[{"count":1,"href":"https:\/\/epeetkft.hu\/index.php?rest_route=\/wp\/v2\/pages\/437\/revisions"}],"predecessor-version":[{"id":438,"href":"https:\/\/epeetkft.hu\/index.php?rest_route=\/wp\/v2\/pages\/437\/revisions\/438"}],"wp:attachment":[{"href":"https:\/\/epeetkft.hu\/index.php?rest_route=%2Fwp%2Fv2%2Fmedia&parent=437"}],"curies":[{"name":"wp","href":"https:\/\/api.w.org\/{rel}","templated":true}]}}